{"id":1823,"date":"2025-02-07T14:45:19","date_gmt":"2025-02-07T17:45:19","guid":{"rendered":"https:\/\/uniabr.com\/fale-conosco-copy\/"},"modified":"2025-03-21T14:55:08","modified_gmt":"2025-03-21T17:55:08","slug":"faca-sua-denuncia","status":"publish","type":"page","link":"https:\/\/uniabr.com\/en\/faca-sua-denuncia\/","title":{"rendered":"Make your report"},"content":{"rendered":"<div data-elementor-type=\"wp-page\" data-elementor-id=\"1823\" class=\"elementor elementor-1823\" data-elementor-post-type=\"page\">\n\t\t\t\t\t\t<section class=\"elementor-section elementor-top-section elementor-element elementor-element-4b821e7 elementor-section-boxed elementor-section-height-default elementor-section-height-default\" data-id=\"4b821e7\" data-element_type=\"section\" data-settings=\"{&quot;background_background&quot;:&quot;classic&quot;}\">\n\t\t\t\t\t\t\t<div class=\"elementor-background-overlay\"><\/div>\n\t\t\t\t\t\t\t<div class=\"elementor-container elementor-column-gap-default\">\n\t\t\t\t\t<div class=\"elementor-column elementor-col-100 elementor-top-column elementor-element elementor-element-8ed5c4f\" data-id=\"8ed5c4f\" data-element_type=\"column\">\n\t\t\t<div class=\"elementor-widget-wrap elementor-element-populated\">\n\t\t\t\t\t\t<div class=\"elementor-element elementor-element-fd9c087 elementor-widget__width-initial elementor-widget-mobile__width-inherit elementor-invisible elementor-widget elementor-widget-heading\" data-id=\"fd9c087\" data-element_type=\"widget\" data-settings=\"{&quot;_animation&quot;:&quot;fadeInUp&quot;}\" data-widget_type=\"heading.default\">\n\t\t\t\t<div class=\"elementor-widget-container\">\n\t\t\t\t\t<h1 class=\"elementor-heading-title elementor-size-default\">Fa\u00e7a sua Den\u00fancia<\/h1>\t\t\t\t<\/div>\n\t\t\t\t<\/div>\n\t\t\t\t\t<\/div>\n\t\t<\/div>\n\t\t\t\t\t<\/div>\n\t\t<\/section>\n\t\t<div class=\"elementor-element elementor-element-c8f49d2 e-flex e-con-boxed e-con e-parent\" data-id=\"c8f49d2\" data-element_type=\"container\" data-settings=\"{&quot;background_background&quot;:&quot;gradient&quot;}\">\n\t\t\t\t\t<div class=\"e-con-inner\">\n\t\t\t\t<div class=\"elementor-element elementor-element-52a7064 elementor-align-justify elementor-mobile-align-center elementor-tablet-align-center elementor-widget elementor-widget-button\" data-id=\"52a7064\" data-element_type=\"widget\" data-widget_type=\"button.default\">\n\t\t\t\t<div class=\"elementor-widget-container\">\n\t\t\t\t\t\t\t\t\t<div class=\"elementor-button-wrapper\">\n\t\t\t\t\t<a class=\"elementor-button elementor-size-sm\" role=\"button\">\n\t\t\t\t\t\t<span class=\"elementor-button-content-wrapper\">\n\t\t\t\t\t\t<span class=\"elementor-button-icon\">\n\t\t\t\t<svg aria-hidden=\"true\" class=\"e-font-icon-svg e-fas-user-lock\" viewbox=\"0 0 640 512\" xmlns=\"http:\/\/www.w3.org\/2000\/svg\"><path d=\"M224 256A128 128 0 1 0 96 128a128 128 0 0 0 128 128zm96 64a63.08 63.08 0 0 1 8.1-30.5c-4.8-.5-9.5-1.5-14.5-1.5h-16.7a174.08 174.08 0 0 1-145.8 0h-16.7A134.43 134.43 0 0 0 0 422.4V464a48 48 0 0 0 48 48h280.9a63.54 63.54 0 0 1-8.9-32zm288-32h-32v-80a80 80 0 0 0-160 0v80h-32a32 32 0 0 0-32 32v160a32 32 0 0 0 32 32h224a32 32 0 0 0 32-32V320a32 32 0 0 0-32-32zM496 432a32 32 0 1 1 32-32 32 32 0 0 1-32 32zm32-144h-64v-80a32 32 0 0 1 64 0z\"><\/path><\/svg>\t\t\t<\/span>\n\t\t\t\t\t\t\t\t\t<span class=\"elementor-button-text\">Rest assured that only senior management will receive your message.<\/span>\n\t\t\t\t\t<\/span>\n\t\t\t\t\t<\/a>\n\t\t\t\t<\/div>\n\t\t\t\t\t\t\t\t<\/div>\n\t\t\t\t<\/div>\n\t\t\t\t\t<\/div>\n\t\t\t\t<\/div>\n\t\t\t\t<section class=\"elementor-section elementor-top-section elementor-element elementor-element-6f73eddb elementor-section-boxed elementor-section-height-default elementor-section-height-default\" data-id=\"6f73eddb\" data-element_type=\"section\" data-settings=\"{&quot;background_background&quot;:&quot;classic&quot;}\">\n\t\t\t\t\t\t<div class=\"elementor-container elementor-column-gap-default\">\n\t\t\t\t\t<div class=\"elementor-column elementor-col-50 elementor-top-column elementor-element elementor-element-10957a25\" data-id=\"10957a25\" data-element_type=\"column\" data-settings=\"{&quot;background_background&quot;:&quot;classic&quot;}\">\n\t\t\t<div class=\"elementor-widget-wrap elementor-element-populated\">\n\t\t\t\t<div class=\"elementor-element elementor-element-4a75346 e-flex e-con-boxed e-con e-parent\" data-id=\"4a75346\" data-element_type=\"container\" data-settings=\"{&quot;sticky&quot;:&quot;top&quot;,&quot;sticky_on&quot;:[&quot;desktop&quot;],&quot;sticky_offset&quot;:50,&quot;sticky_parent&quot;:&quot;yes&quot;,&quot;sticky_effects_offset&quot;:0}\">\n\t\t\t\t\t<div class=\"e-con-inner\">\n\t\t\t\t<div class=\"elementor-element elementor-element-6bca88b elementor-align-left elementor-mobile-align-center elementor-tablet-align-center elementor-widget elementor-widget-button\" data-id=\"6bca88b\" data-element_type=\"widget\" data-widget_type=\"button.default\">\n\t\t\t\t<div class=\"elementor-widget-container\">\n\t\t\t\t\t\t\t\t\t<div class=\"elementor-button-wrapper\">\n\t\t\t\t\t<a class=\"elementor-button elementor-size-sm\" role=\"button\">\n\t\t\t\t\t\t<span class=\"elementor-button-content-wrapper\">\n\t\t\t\t\t\t\t\t\t<span class=\"elementor-button-text\">Reports &amp; Whistleblowing<\/span>\n\t\t\t\t\t<\/span>\n\t\t\t\t\t<\/a>\n\t\t\t\t<\/div>\n\t\t\t\t\t\t\t\t<\/div>\n\t\t\t\t<\/div>\n\t\t\t\t<div class=\"elementor-element elementor-element-4db94ed elementor-widget elementor-widget-heading\" data-id=\"4db94ed\" data-element_type=\"widget\" data-widget_type=\"heading.default\">\n\t\t\t\t<div class=\"elementor-widget-container\">\n\t\t\t\t\t<h2 class=\"elementor-heading-title elementor-size-default\">Do you have something important to report?\n<\/h2>\t\t\t\t<\/div>\n\t\t\t\t<\/div>\n\t\t\t\t<div class=\"elementor-element elementor-element-39c3183 elementor-widget elementor-widget-text-editor\" data-id=\"39c3183\" data-element_type=\"widget\" data-widget_type=\"text-editor.default\">\n\t\t\t\t<div class=\"elementor-widget-container\">\n\t\t\t\t\t\t\t\t\t<p class=\"p1\">Our directors are prepared to handle your report with full confidentiality, treating all information with the utmost seriousness to ensure the most appropriate solutions.<\/p>\t\t\t\t\t\t\t\t<\/div>\n\t\t\t\t<\/div>\n\t\t<div class=\"elementor-element elementor-element-c7b1556 e-con-full e-flex e-con e-child\" data-id=\"c7b1556\" data-element_type=\"container\">\n\t\t\t\t<div class=\"elementor-element elementor-element-e73b383 elementor-position-left elementor-vertical-align-middle elementor-widget-mobile__width-initial elementor-view-default elementor-mobile-position-top elementor-widget elementor-widget-icon-box\" data-id=\"e73b383\" data-element_type=\"widget\" data-widget_type=\"icon-box.default\">\n\t\t\t\t<div class=\"elementor-widget-container\">\n\t\t\t\t\t\t\t<div class=\"elementor-icon-box-wrapper\">\n\n\t\t\t\t\t\t<div class=\"elementor-icon-box-icon\">\n\t\t\t\t<a href=\"#\" class=\"elementor-icon\" tabindex=\"-1\" aria-label=\"(11) 2281-1200\">\n\t\t\t\t<svg aria-hidden=\"true\" class=\"e-font-icon-svg e-fab-whatsapp\" viewbox=\"0 0 448 512\" xmlns=\"http:\/\/www.w3.org\/2000\/svg\"><path d=\"M380.9 97.1C339 55.1 283.2 32 223.9 32c-122.4 0-222 99.6-222 222 0 39.1 10.2 77.3 29.6 111L0 480l117.7-30.9c32.4 17.7 68.9 27 106.1 27h.1c122.3 0 224.1-99.6 224.1-222 0-59.3-25.2-115-67.1-157zm-157 341.6c-33.2 0-65.7-8.9-94-25.7l-6.7-4-69.8 18.3L72 359.2l-4.4-7c-18.5-29.4-28.2-63.3-28.2-98.2 0-101.7 82.8-184.5 184.6-184.5 49.3 0 95.6 19.2 130.4 54.1 34.8 34.9 56.2 81.2 56.1 130.5 0 101.8-84.9 184.6-186.6 184.6zm101.2-138.2c-5.5-2.8-32.8-16.2-37.9-18-5.1-1.9-8.8-2.8-12.5 2.8-3.7 5.6-14.3 18-17.6 21.8-3.2 3.7-6.5 4.2-12 1.4-32.6-16.3-54-29.1-75.5-66-5.7-9.8 5.7-9.1 16.3-30.3 1.8-3.7.9-6.9-.5-9.7-1.4-2.8-12.5-30.1-17.1-41.2-4.5-10.8-9.1-9.3-12.5-9.5-3.2-.2-6.9-.2-10.6-.2-3.7 0-9.7 1.4-14.8 6.9-5.1 5.6-19.4 19-19.4 46.3 0 27.3 19.9 53.7 22.6 57.4 2.8 3.7 39.1 59.7 94.8 83.8 35.2 15.2 49 16.5 66.6 13.9 10.7-1.6 32.8-13.4 37.4-26.4 4.6-13 4.6-24.1 3.2-26.4-1.3-2.5-5-3.9-10.5-6.6z\"><\/path><\/svg>\t\t\t\t<\/a>\n\t\t\t<\/div>\n\t\t\t\n\t\t\t\t\t\t<div class=\"elementor-icon-box-content\">\n\n\t\t\t\t\t\t\t\t\t<p class=\"elementor-icon-box-title\">\n\t\t\t\t\t\t<a href=\"#\" >\n\t\t\t\t\t\t\t(11) 2281-1200\t\t\t\t\t\t<\/a>\n\t\t\t\t\t<\/p>\n\t\t\t\t\n\t\t\t\t\n\t\t\t<\/div>\n\t\t\t\n\t\t<\/div>\n\t\t\t\t\t\t<\/div>\n\t\t\t\t<\/div>\n\t\t\t\t<div class=\"elementor-element elementor-element-e148e38 elementor-position-left elementor-vertical-align-middle elementor-widget-mobile__width-initial elementor-view-default elementor-mobile-position-top elementor-widget elementor-widget-icon-box\" data-id=\"e148e38\" data-element_type=\"widget\" data-widget_type=\"icon-box.default\">\n\t\t\t\t<div class=\"elementor-widget-container\">\n\t\t\t\t\t\t\t<div class=\"elementor-icon-box-wrapper\">\n\n\t\t\t\t\t\t<div class=\"elementor-icon-box-icon\">\n\t\t\t\t<a href=\"#\" class=\"elementor-icon\" tabindex=\"-1\" aria-label=\"contato@uniabr.com\">\n\t\t\t\t<svg aria-hidden=\"true\" class=\"e-font-icon-svg e-fas-envelope\" viewbox=\"0 0 512 512\" xmlns=\"http:\/\/www.w3.org\/2000\/svg\"><path d=\"M502.3 190.8c3.9-3.1 9.7-.2 9.7 4.7V400c0 26.5-21.5 48-48 48H48c-26.5 0-48-21.5-48-48V195.6c0-5 5.7-7.8 9.7-4.7 22.4 17.4 52.1 39.5 154.1 113.6 21.1 15.4 56.7 47.8 92.2 47.6 35.7.3 72-32.8 92.3-47.6 102-74.1 131.6-96.3 154-113.7zM256 320c23.2.4 56.6-29.2 73.4-41.4 132.7-96.3 142.8-104.7 173.4-128.7 5.8-4.5 9.2-11.5 9.2-18.9v-19c0-26.5-21.5-48-48-48H48C21.5 64 0 85.5 0 112v19c0 7.4 3.4 14.3 9.2 18.9 30.6 23.9 40.7 32.4 173.4 128.7 16.8 12.2 50.2 41.8 73.4 41.4z\"><\/path><\/svg>\t\t\t\t<\/a>\n\t\t\t<\/div>\n\t\t\t\n\t\t\t\t\t\t<div class=\"elementor-icon-box-content\">\n\n\t\t\t\t\t\t\t\t\t<p class=\"elementor-icon-box-title\">\n\t\t\t\t\t\t<a href=\"#\" >\n\t\t\t\t\t\t\tcontato@uniabr.com\t\t\t\t\t\t<\/a>\n\t\t\t\t\t<\/p>\n\t\t\t\t\n\t\t\t\t\n\t\t\t<\/div>\n\t\t\t\n\t\t<\/div>\n\t\t\t\t\t\t<\/div>\n\t\t\t\t<\/div>\n\t\t\t\t<\/div>\n\t\t\t\t\t<\/div>\n\t\t\t\t<\/div>\n\t\t\t\t\t<\/div>\n\t\t<\/div>\n\t\t\t\t<div class=\"elementor-column elementor-col-50 elementor-top-column elementor-element elementor-element-b79a8ac\" data-id=\"b79a8ac\" data-element_type=\"column\">\n\t\t\t<div class=\"elementor-widget-wrap elementor-element-populated\">\n\t\t\t\t\t\t<div class=\"elementor-element elementor-element-3b9c076 elementor-widget__width-initial elementor-widget-mobile__width-inherit elementor-widget elementor-widget-shortcode\" data-id=\"3b9c076\" data-element_type=\"widget\" data-widget_type=\"shortcode.default\">\n\t\t\t\t<div class=\"elementor-widget-container\">\n\t\t\t\t\t\t\t<div class=\"elementor-shortcode\">\n<div class=\"wpcf7 no-js\" id=\"wpcf7-f1831-o1\" lang=\"pt-BR\" dir=\"ltr\" data-wpcf7-id=\"1831\">\n<div class=\"screen-reader-response\"><p role=\"status\" aria-live=\"polite\" aria-atomic=\"true\"><\/p> <ul><\/ul><\/div>\n<form action=\"\/en\/wp-json\/wp\/v2\/pages\/1823#wpcf7-f1831-o1\" method=\"post\" class=\"wpcf7-form init\" aria-label=\"Formul\u00e1rios de contato\" novalidate=\"novalidate\" data-status=\"init\" data-trp-original-action=\"\/en\/wp-json\/wp\/v2\/pages\/1823#wpcf7-f1831-o1\">\n<fieldset class=\"hidden-fields-container\"><input type=\"hidden\" name=\"_wpcf7\" value=\"1831\" \/><input type=\"hidden\" name=\"_wpcf7_version\" value=\"6.1\" \/><input type=\"hidden\" name=\"_wpcf7_locale\" value=\"pt_BR\" \/><input type=\"hidden\" name=\"_wpcf7_unit_tag\" value=\"wpcf7-f1831-o1\" \/><input type=\"hidden\" name=\"_wpcf7_container_post\" value=\"0\" \/><input type=\"hidden\" name=\"_wpcf7_posted_data_hash\" value=\"\" \/>\n<\/fieldset>\n<style>\n #unico-formulario p {\n letter-spacing: 1px;\n line-height: 1.5em;\n margin-bottom: 20px;\n color: #005BB5; \/* Cor mais escura *\/\n }\n<\/style>\n<div id=\"unico-formulario\">\n\t<p> Whistleblowing Channel\n\t<\/p>\n\t<p> Tipo de Den\u00fancia<br \/>\n<span class=\"wpcf7-form-control-wrap\" data-name=\"tipo-de-denuncia\"><select class=\"wpcf7-form-control wpcf7-select\" aria-invalid=\"false\" name=\"tipo-de-denuncia\"><option value=\"\">&#8212;Escolha uma op\u00e7\u00e3o&#8212;<\/option><option value=\"Ass\u00e9dio Sexual\">Ass\u00e9dio Sexual<\/option><option value=\"Ass\u00e9dio Moral\">Ass\u00e9dio Moral<\/option><option value=\"Agress\u00e3o F\u00edsica\">Agress\u00e3o F\u00edsica<\/option><option value=\"Discrimina\u00e7\u00e3o\">Discrimina\u00e7\u00e3o<\/option><option value=\"Outros\">Outros<\/option><option value=\"Descumprimento das normas internas\">Descumprimento das normas internas<\/option><option value=\"Conflito de Interesses\">Conflito de Interesses<\/option><option value=\"Favorecimento\">Favorecimento<\/option><option value=\"Desvio, fraude, roubo, furto\">Desvio, fraude, roubo, furto<\/option><option value=\"Danos materiais\">Danos materiais<\/option><\/select><\/span>\n\t<\/p>\n\t<p> Como tomou conhecimento?<br \/>\n<span class=\"wpcf7-form-control-wrap\" data-name=\"como-tomou-conhecimento\"><select class=\"wpcf7-form-control wpcf7-select\" aria-invalid=\"false\" name=\"como-tomou-conhecimento\"><option value=\"\">&#8212;Escolha uma op\u00e7\u00e3o&#8212;<\/option><option value=\"Aconteceu comigo\">Aconteceu comigo<\/option><option value=\"Algu\u00e9m me contou\">Algu\u00e9m me contou<\/option><option value=\"Encontrei um documento \/ arquivo acidentalmente\">Encontrei um documento \/ arquivo acidentalmente<\/option><option value=\"Eu vi o fato ocorrer\">Eu vi o fato ocorrer<\/option><option value=\"O denunciado me contou\">O denunciado me contou<\/option><option value=\"Ouvi sem querer\">Ouvi sem querer<\/option><option value=\"Outros\">Outros<\/option><\/select><\/span>\n\t<\/p>\n\t<p> Voc\u00ea sabe se algum est\u00e1 CIENTE do problema relatado?<br \/>\n<span class=\"wpcf7-form-control-wrap\" data-name=\"quem-esta-ciente\"><select class=\"wpcf7-form-control wpcf7-select\" aria-invalid=\"false\" name=\"quem-esta-ciente\"><option value=\"\">&#8212;Escolha uma op\u00e7\u00e3o&#8212;<\/option><option value=\"Diretor\">Director<\/option><option value=\"Gestor\">Gestor<\/option><option value=\"Coordenador\">Coordenador<\/option><option value=\"Supervisor\">Supervisor<\/option><option value=\"Nenhum\">Nenhum<\/option><\/select><\/span>\n\t<\/p>\n\t<p> Voc\u00ea sabe se algum est\u00e1 ENVOLVIDO diretamente no fato relatado?<br \/>\n<span class=\"wpcf7-form-control-wrap\" data-name=\"quem-esta-envolvido\"><select class=\"wpcf7-form-control wpcf7-select\" aria-invalid=\"false\" name=\"quem-esta-envolvido\"><option value=\"\">&#8212;Escolha uma op\u00e7\u00e3o&#8212;<\/option><option value=\"Diretor\">Director<\/option><option value=\"Gestor\">Gestor<\/option><option value=\"Coordenador\">Coordenador<\/option><option value=\"Supervisor\">Supervisor<\/option><option value=\"Nenhum\">Nenhum<\/option><\/select><\/span>\n\t<\/p>\n\t<p> O que voc\u00ea quer denunciar? Descreva o mais detalhadamente poss\u00edvel o que aconteceu, indicando o nome(s) da(s) pessoa(s) que est\u00e1(\u00e3o) envolvida(s), bem como quando o fato ocorreu e se ainda continua ocorrendo.<br \/>\n<span class=\"wpcf7-form-control-wrap\" data-name=\"o-que-voce-quer-denunciar\"><textarea cols=\"40\" rows=\"10\" maxlength=\"2000\" class=\"wpcf7-form-control wpcf7-textarea\" aria-invalid=\"false\" name=\"o-que-voce-quer-denunciar\"><\/textarea><\/span>\n\t<\/p>\n\t<p> Existem testemunhas? Em caso positivo, indique-as.<br \/>\n<span class=\"wpcf7-form-control-wrap\" data-name=\"existem-testemunhas\"><input size=\"40\" maxlength=\"400\" class=\"wpcf7-form-control wpcf7-text\" aria-invalid=\"false\" value=\"\" type=\"text\" name=\"existem-testemunhas\" \/><\/span>\n\t<\/p>\n\t<p> Voc\u00ea sabe se existem evid\u00eancias sobre o fato? Em caso positivo, indique-as. (Quais e em que lugar(es) podem ser encontradas evid\u00eancias sobre o fato denunciado?<br \/>\n<span class=\"wpcf7-form-control-wrap\" data-name=\"existem-evidencias\"><textarea cols=\"40\" rows=\"10\" maxlength=\"2000\" class=\"wpcf7-form-control wpcf7-textarea\" aria-invalid=\"false\" name=\"existem-evidencias\"><\/textarea><\/span>\n\t<\/p>\n\t<p> Caso seja poss\u00edvel, indique o valor financeiro envolvido no fato relatado:<br \/>\n<span class=\"wpcf7-form-control-wrap\" data-name=\"valor-envolvido\"><input size=\"40\" maxlength=\"400\" class=\"wpcf7-form-control wpcf7-text\" aria-invalid=\"false\" value=\"\" type=\"text\" name=\"valor-envolvido\" \/><\/span>\n\t<\/p>\n\t<p> Caso voc\u00ea tenha alguma sugest\u00e3o de como solucionar o problema, descreva-a:<br \/>\n<span class=\"wpcf7-form-control-wrap\" data-name=\"alguma-sugestao\"><input size=\"40\" maxlength=\"400\" class=\"wpcf7-form-control wpcf7-text\" aria-invalid=\"false\" value=\"\" type=\"text\" name=\"alguma-sugestao\" \/><\/span>\n\t<\/p>\n\t<p style=\"background-color: #e6e7e8; padding: 11px 12px 24px;\">Ao preencher o formul\u00e1rio, voc\u00ea concorda que a UNIA salve e envie as informa\u00e7\u00f5es prestadas \u00e0 empresa\/organiza\u00e7\u00e3o contratante de seus servi\u00e7os, possibilitando que medidas sejam tomadas a partir da an\u00e1lise do conte\u00fado de suas respostas.\n\t<\/p>\n\t<p><span class=\"wpcf7-form-control-wrap\" data-name=\"li-e-concordo\"><span class=\"wpcf7-form-control wpcf7-checkbox wpcf7-validates-as-required\"><span class=\"wpcf7-list-item first last\"><label><input type=\"checkbox\" name=\"li-e-concordo[]\" value=\"Li e concordo com o termo acima\" \/><span class=\"wpcf7-list-item-label\">Li e concordo com o termo acima<\/span><\/label><\/span><\/span><\/span>\n\t<\/p>\n\t<p><input class=\"wpcf7-form-control wpcf7-submit has-spinner\" type=\"submit\" value=\"Enviar\" \/>\n\t<\/p>\n<\/div><div class=\"wpcf7-response-output\" aria-hidden=\"true\"><\/div>\n<input type=\"hidden\" name=\"trp-form-language\" value=\"en\"\/><\/form>\n<\/div>\n<\/div>\n\t\t\t\t\t\t<\/div>\n\t\t\t\t<\/div>\n\t\t\t\t\t<\/div>\n\t\t<\/div>\n\t\t\t\t\t<\/div>\n\t\t<\/section>\n\t\t\t\t<section class=\"elementor-section elementor-top-section elementor-element elementor-element-3ecdabf elementor-section-boxed elementor-section-height-default elementor-section-height-default\" data-id=\"3ecdabf\" data-element_type=\"section\">\n\t\t\t\t\t\t<div class=\"elementor-container elementor-column-gap-default\">\n\t\t\t\t\t<div class=\"elementor-column elementor-col-25 elementor-top-column elementor-element elementor-element-571b74a\" data-id=\"571b74a\" data-element_type=\"column\">\n\t\t\t<div class=\"elementor-widget-wrap elementor-element-populated\">\n\t\t\t\t\t\t<div class=\"elementor-element elementor-element-c4efd55 elementor-widget elementor-widget-heading\" data-id=\"c4efd55\" data-element_type=\"widget\" data-widget_type=\"heading.default\">\n\t\t\t\t<div class=\"elementor-widget-container\">\n\t\t\t\t\t<h5 class=\"elementor-heading-title elementor-size-default\"><a href=\"#\">Head Office - S\u00e3o Paulo<\/a><\/h5>\t\t\t\t<\/div>\n\t\t\t\t<\/div>\n\t\t\t\t<div class=\"elementor-element elementor-element-c06f2aa elementor-widget elementor-widget-global elementor-global-752 elementor-widget-text-editor\" data-id=\"c06f2aa\" data-element_type=\"widget\" data-widget_type=\"text-editor.default\">\n\t\t\t\t<div class=\"elementor-widget-container\">\n\t\t\t\t\t\t\t\t\t<p>Av. Marqu\u00eas de S\u00e3o Vicente, 2219<br \/>18\u00ba andar &#8211; S\u00e3o Paulo\/SP<br \/>(11) 2281-1200<\/p>\t\t\t\t\t\t\t\t<\/div>\n\t\t\t\t<\/div>\n\t\t\t\t\t<\/div>\n\t\t<\/div>\n\t\t\t\t<div class=\"elementor-column elementor-col-25 elementor-top-column elementor-element elementor-element-ffe087f\" data-id=\"ffe087f\" data-element_type=\"column\">\n\t\t\t<div class=\"elementor-widget-wrap elementor-element-populated\">\n\t\t\t\t\t\t<div class=\"elementor-element elementor-element-5aeb70c elementor-widget elementor-widget-heading\" data-id=\"5aeb70c\" data-element_type=\"widget\" data-widget_type=\"heading.default\">\n\t\t\t\t<div class=\"elementor-widget-container\">\n\t\t\t\t\t<h5 class=\"elementor-heading-title elementor-size-default\"><a href=\"#\">Santos<\/a><\/h5>\t\t\t\t<\/div>\n\t\t\t\t<\/div>\n\t\t\t\t<div class=\"elementor-element elementor-element-9e47187 elementor-widget elementor-widget-global elementor-global-743 elementor-widget-text-editor\" data-id=\"9e47187\" data-element_type=\"widget\" data-widget_type=\"text-editor.default\">\n\t\t\t\t<div class=\"elementor-widget-container\">\n\t\t\t\t\t\t\t\t\t<p>Rua General Camara, n\u00ba 168 &#8211; 2 Andar SL 23 Centro Comercial<br \/>(13) 3223-3029<\/p>\t\t\t\t\t\t\t\t<\/div>\n\t\t\t\t<\/div>\n\t\t\t\t\t<\/div>\n\t\t<\/div>\n\t\t\t\t<div class=\"elementor-column elementor-col-25 elementor-top-column elementor-element elementor-element-40dfa50\" data-id=\"40dfa50\" data-element_type=\"column\">\n\t\t\t<div class=\"elementor-widget-wrap elementor-element-populated\">\n\t\t\t\t\t\t<div class=\"elementor-element elementor-element-d570fc1 elementor-widget elementor-widget-heading\" data-id=\"d570fc1\" data-element_type=\"widget\" data-widget_type=\"heading.default\">\n\t\t\t\t<div class=\"elementor-widget-container\">\n\t\t\t\t\t<h5 class=\"elementor-heading-title elementor-size-default\"><a href=\"#\">Viracopos<\/a><\/h5>\t\t\t\t<\/div>\n\t\t\t\t<\/div>\n\t\t\t\t<div class=\"elementor-element elementor-element-ee12f2f elementor-widget elementor-widget-global elementor-global-746 elementor-widget-text-editor\" data-id=\"ee12f2f\" data-element_type=\"widget\" data-widget_type=\"text-editor.default\">\n\t\t\t\t<div class=\"elementor-widget-container\">\n\t\t\t\t\t\t\t\t\t<p>Centro Empresarial Viracopos<br \/>S253 &#8211; 2\u00ba andar &#8211; Campinas\/SP<\/p>\t\t\t\t\t\t\t\t<\/div>\n\t\t\t\t<\/div>\n\t\t\t\t\t<\/div>\n\t\t<\/div>\n\t\t\t\t<div class=\"elementor-column elementor-col-25 elementor-top-column elementor-element elementor-element-7a60d88\" data-id=\"7a60d88\" data-element_type=\"column\">\n\t\t\t<div class=\"elementor-widget-wrap elementor-element-populated\">\n\t\t\t\t\t\t<div class=\"elementor-element elementor-element-1ead451 elementor-widget elementor-widget-heading\" data-id=\"1ead451\" data-element_type=\"widget\" data-widget_type=\"heading.default\">\n\t\t\t\t<div class=\"elementor-widget-container\">\n\t\t\t\t\t<h5 class=\"elementor-heading-title elementor-size-default\"><a href=\"#\">Guarulhos<\/a><\/h5>\t\t\t\t<\/div>\n\t\t\t\t<\/div>\n\t\t\t\t<div class=\"elementor-element elementor-element-41be944 elementor-widget elementor-widget-global elementor-global-749 elementor-widget-text-editor\" data-id=\"41be944\" data-element_type=\"widget\" data-widget_type=\"text-editor.default\">\n\t\t\t\t<div class=\"elementor-widget-container\">\n\t\t\t\t\t\t\t\t\t<p>Rodovia Helio Smith &#8211; Sala 2.03<br \/>2\u00ba andar &#8211; Aeroporto Internacional de Guarulhos<\/p>\t\t\t\t\t\t\t\t<\/div>\n\t\t\t\t<\/div>\n\t\t\t\t\t<\/div>\n\t\t<\/div>\n\t\t\t\t\t<\/div>\n\t\t<\/section>\n\t\t\t\t<\/div>","protected":false},"excerpt":{"rendered":"<p>Fa\u00e7a sua Den\u00fancia Sinta se seguro que apenas os diretores receber\u00e3o sua mensagem Den\u00fancias e Relatos Tem algo importante para denunciar? Nossos diretores est\u00e3o preparados para receber sua den\u00fancia com total sigilo, tratando as informa\u00e7\u00f5es com a devida seriedade para assegurar as solu\u00e7\u00f5es mais adequadas. (11) 2281-1200 contato@uniabr.com Matriz &#8211; S\u00e3o Paulo Av. Marqu\u00eas de [&hellip;]<\/p>","protected":false},"author":1,"featured_media":0,"parent":0,"menu_order":0,"comment_status":"closed","ping_status":"closed","template":"","meta":{"footnotes":""},"class_list":["post-1823","page","type-page","status-publish","hentry"],"_links":{"self":[{"href":"https:\/\/uniabr.com\/en\/wp-json\/wp\/v2\/pages\/1823","targetHints":{"allow":["GET"]}}],"collection":[{"href":"https:\/\/uniabr.com\/en\/wp-json\/wp\/v2\/pages"}],"about":[{"href":"https:\/\/uniabr.com\/en\/wp-json\/wp\/v2\/types\/page"}],"author":[{"embeddable":true,"href":"https:\/\/uniabr.com\/en\/wp-json\/wp\/v2\/users\/1"}],"replies":[{"embeddable":true,"href":"https:\/\/uniabr.com\/en\/wp-json\/wp\/v2\/comments?post=1823"}],"version-history":[{"count":31,"href":"https:\/\/uniabr.com\/en\/wp-json\/wp\/v2\/pages\/1823\/revisions"}],"predecessor-version":[{"id":1870,"href":"https:\/\/uniabr.com\/en\/wp-json\/wp\/v2\/pages\/1823\/revisions\/1870"}],"wp:attachment":[{"href":"https:\/\/uniabr.com\/en\/wp-json\/wp\/v2\/media?parent=1823"}],"curies":[{"name":"wp","href":"https:\/\/api.w.org\/{rel}","templated":true}]}}